{"id":987,"date":"2025-03-05T12:56:36","date_gmt":"2025-03-05T11:56:36","guid":{"rendered":"https:\/\/next.radio-of-magic.com\/?page_id=987"},"modified":"2025-04-30T10:38:12","modified_gmt":"2025-04-30T08:38:12","slug":"radio-of-magic-revient-tres-vite","status":"publish","type":"page","link":"https:\/\/next.radio-of-magic.com\/en\/radio-of-magic-revient-tres-vite\/","title":{"rendered":"Radio of Magic is coming back very soon!"},"content":{"rendered":"<section class=\"l-section wpb_row height_auto width_full\"><div class=\"l-section-h i-cf\"><div class=\"g-cols vc_row via_grid cols_2 laptops-cols_inherit tablets-cols_inherit mobiles-cols_1 valign_top type_default stacking_default\"><div class=\"wpb_column vc_column_container\"><div class=\"vc_column-inner\"><div class=\"g-cols wpb_row via_grid cols_1 laptops-cols_inherit tablets-cols_inherit mobiles-cols_1 valign_top type_default stacking_default\" style=\"--columns-gap:3rem;\"><div class=\"wpb_column vc_column_container\"><div class=\"vc_column-inner\"><div class=\"wpb_text_column\"><div class=\"wpb_wrapper\"><p>We are redesigning our website for your convenience, it will be back very soon.<\/p>\n<p><strong>You can still listen to us <\/strong>on your smartphone, tablet, TV or in your car, we are available on the apps <strong>Deezer<\/strong>, T<strong>oneIn<\/strong> Or<strong> Welove.radio<\/strong>.<\/p>\n<p>If you wish to contact us: <a href=\"mailto:contact@radio-of-magic.com\">contact@radio-of-magic.com<\/a><\/p>\n<p><strong>Thank you for your patience, we look forward to seeing you again very soon!<\/strong><\/p>\n<\/div><\/div><\/div><\/div><\/div><\/div><\/div><div class=\"wpb_column vc_column_container\"><div class=\"vc_column-inner\">\n\t<div class=\"wpb_raw_code wpb_raw_html wpb_content_element us_custom_909b2fd0\" >\n\t\t<div class=\"wpb_wrapper\">\n\t\t\t<iframe src=\"https:\/\/www.radioking.com\/widgets\/player\/player.php?id=418372&c=%231e7fcb&c2=%23ffffff&f=h&i=0&ii=undefined&p=1&s=1&li=1&popup=1&plc=0&h=undefined&l=470&a=0&v=2\" style=\"border-radius: 5px; width: 470px; height: 145px; min-width: 470px; min-height: 0; \" frameborder=\"0\" ><\/iframe>\n\t\t<\/div>\n\t<\/div>\n<\/div><\/div><\/div><\/div><\/section><section class=\"l-section wpb_row height_auto width_full\"><div class=\"l-section-h i-cf\"><div class=\"g-cols vc_row via_grid cols_1 laptops-cols_inherit tablets-cols_inherit mobiles-cols_1 valign_top type_default stacking_default\"><div class=\"wpb_column vc_column_container\"><div class=\"vc_column-inner\"><div class=\"w-separator size_large\"><\/div><div class=\"wpb_text_column us_custom_68da1fe9\"><div class=\"wpb_wrapper\"><p><strong>Radio of Magic is a free web radio dedicated to the musical atmosphere of Disneyland Paris<\/strong>Available everywhere, 24 hours a day, 7 days a week, it broadcasts the atmospheres and music of Disneyland Park and Walt Disney Studios.<\/p>\n<p>\u00a9 2021-2026 \u2013 Personal, non-profit web radio, not sponsored by and\/or affiliated with Disneyland\u00ae Paris, The Walt Disney Company, Euro Disney Associ\u00e9s SCA, or any of their affiliated or related companies<\/p>\n<\/div><\/div><div class=\"w-separator size_medium\"><\/div><\/div><\/div><\/div><\/div><\/section>","protected":false},"excerpt":{"rendered":"Nous r\u00e9am\u00e9nageons notre site web pour votre plus grand confort, il sera de retour tr\u00e8s prochainement. Vous pouvez toujours nous \u00e9couter sur votre smartphone, votre tablette, votre TV ou dans votre voiture, nous sommes disponibles sur les applications Deezer, TuneIn ou Welove.radio. Si vous souhaitez nous contacter: contact@radio-of-magic.com Merci pour votre patience, nous avons h\u00e2te...","protected":false},"author":1,"featured_media":0,"parent":0,"menu_order":0,"comment_status":"closed","ping_status":"closed","template":"","meta":{"footnotes":""},"class_list":["post-987","page","type-page","status-publish","hentry"],"_links":{"self":[{"href":"https:\/\/next.radio-of-magic.com\/en\/wp-json\/wp\/v2\/pages\/987","targetHints":{"allow":["GET"]}}],"collection":[{"href":"https:\/\/next.radio-of-magic.com\/en\/wp-json\/wp\/v2\/pages"}],"about":[{"href":"https:\/\/next.radio-of-magic.com\/en\/wp-json\/wp\/v2\/types\/page"}],"author":[{"embeddable":true,"href":"https:\/\/next.radio-of-magic.com\/en\/wp-json\/wp\/v2\/users\/1"}],"replies":[{"embeddable":true,"href":"https:\/\/next.radio-of-magic.com\/en\/wp-json\/wp\/v2\/comments?post=987"}],"version-history":[{"count":17,"href":"https:\/\/next.radio-of-magic.com\/en\/wp-json\/wp\/v2\/pages\/987\/revisions"}],"predecessor-version":[{"id":2596,"href":"https:\/\/next.radio-of-magic.com\/en\/wp-json\/wp\/v2\/pages\/987\/revisions\/2596"}],"wp:attachment":[{"href":"https:\/\/next.radio-of-magic.com\/en\/wp-json\/wp\/v2\/media?parent=987"}],"curies":[{"name":"wp","href":"https:\/\/api.w.org\/{rel}","templated":true}]}}